{"id":6045,"date":"2025-05-30T18:24:15","date_gmt":"2025-05-30T15:24:15","guid":{"rendered":"https:\/\/stage-ibratec.fuerzastudio.com\/politica-de-privacidad\/"},"modified":"2025-08-14T17:52:40","modified_gmt":"2025-08-14T14:52:40","slug":"politica-de-privacidad","status":"publish","type":"page","link":"https:\/\/stage-ibratec.fuerzastudio.com\/es\/politica-de-privacidad\/","title":{"rendered":"Pol\u00edtica de Privacidad"},"content":{"rendered":"\t\t<div data-elementor-type=\"wp-page\" data-elementor-id=\"6045\" class=\"elementor elementor-6045 elementor-3\" data-elementor-post-type=\"page\">\n\t\t\t\t<div class=\"elementor-element elementor-element-6a443574 e-flex e-con-boxed e-con e-parent\" data-id=\"6a443574\" data-element_type=\"container\">\n\t\t\t\t\t<div class=\"e-con-inner\">\n\t\t\t\t<div class=\"elementor-element elementor-element-a6d8869 elementor-widget elementor-widget-heading\" data-id=\"a6d8869\" data-element_type=\"widget\" data-widget_type=\"heading.default\">\n\t\t\t\t<div class=\"elementor-widget-container\">\n\t\t\t\t\t<h2 class=\"elementor-heading-title elementor-size-default\">Ibratec<\/h2>\t\t\t\t<\/div>\n\t\t\t\t<\/div>\n\t\t\t\t<div class=\"elementor-element elementor-element-92100df elementor-widget__width-initial elementor-widget elementor-widget-heading\" data-id=\"92100df\" data-element_type=\"widget\" data-widget_type=\"heading.default\">\n\t\t\t\t<div class=\"elementor-widget-container\">\n\t\t\t\t\t<h1 class=\"elementor-heading-title elementor-size-default\">Pol\u00edtica de privacidad y protecci\u00f3n de datos personales<\/h1>\t\t\t\t<\/div>\n\t\t\t\t<\/div>\n\t\t\t\t<div class=\"elementor-element elementor-element-66e8c286 elementor-widget elementor-widget-text-editor\" data-id=\"66e8c286\" data-element_type=\"widget\" data-widget_type=\"text-editor.default\">\n\t\t\t\t<div class=\"elementor-widget-container\">\n\t\t\t\t\t\t\t\t\t<p><span style=\"color: #4f5253;\">Lorem ipsum dolor sit amet, consectetur adipiscing elit. Mauris eleifend, augue id bibendum sodales, diam nunc accumsan neque, vel tincidunt dui lacus dapibus arcu. Suspendisse potenti. Aliquam erat volutpat. Cras ultricies semper ullamcorper. Nunc ut ornare metus. Morbi scelerisque neque enim, eu ullamcorper neque posuere vitae. Phasellus turpis lectus, accumsan vitae nisl id, blandit aliquet orci. Sed vel ante non massa tincidunt aliquet quis sit amet nisl. Morbi nec lorem est. Nulla facilisi. Lorem ipsum dolor sit amet, consectetur adipiscing elit. Etiam dapibus augue eget bibendum rhoncus. Sed efficitur congue sapien, id pharetra felis pellentesque maximus. Nam vulputate semper massa et vehicula. Sed porttitor a mauris et maximus. Nunc lorem tortor, hendrerit sit amet tempor vel, venenatis a dolor. Etiam dignissim sapien sit amet diam commodo, ut placerat mauris eleifend. Quisque ut ipsum egestas, aliquam orci nec, laoreet est. Ut pretium, ex et hendrerit iaculis, ligula ipsum hendrerit nisi, vitae feugiat purus dolor ultricies nunc. Maecenas ut orci a magna feugiat cursus. Nam ullamcorper venenatis aliquam. Vivamus ultrices lacus nisi, a hendrerit risus scelerisque sit amet. Duis pulvinar vulputate nisi in tincidunt. Praesent pellentesque mi in feugiat semper. Praesent eget pulvinar nunc. Aliquam sed laoreet leo, eu dapibus lectus. Donec ac purus dui. Nunc eget dignissim ligula. Aliquam vitae pellentesque orci. Sed eleifend sem sed aliquet condimentum. Aenean pharetra a libero ac auctor. Lorem ipsum dolor sit amet, consectetur adipiscing elit. Sed eu aliquam nisl, ac porttitor lorem. Ut lobortis, magna quis auctor ultrices, ex sem bibendum orci, vitae consectetur mi justo mollis felis. Orci varius natoque penatibus et magnis dis parturient montes, nascetur ridiculus mus. Pellentesque habitant morbi tristique senectus et netus et malesuada fames ac turpis egestas. Nulla id fringilla neque. Phasellus rhoncus venenatis lectus, eget consectetur eros condimentum nec. Quisque purus libero, dignissim et commodo vitae, luctus vitae ligula. Vivamus maximus luctus rhoncus. Pellentesque viverra ipsum id sem consectetur, in viverra tellus interdum. Suspendisse hendrerit in felis pretium commodo. Mauris ut purus molestie, tincidunt enim at, ullamcorper odio. Ut mattis sit amet mi eu tincidunt.                                            <\/span><\/p><p> <\/p><p> <\/p><hr><h4> <\/h4><h4><span style=\"color: #221e1f;\">1. Definiciones<\/span><\/h4><p> <\/p><p><span style=\"color: #4f5253;\">Lorem ipsum dolor sit amet, consectetur adipiscing elit. Mauris eleifend, augue id bibendum sodales, diam nunc accumsan neque, vel tincidunt dui lacus dapibus arcu. Suspendisse potenti. Aliquam erat volutpat. Cras ultricies semper ullamcorper. Nunc ut ornare metus. Morbi scelerisque neque enim, eu ullamcorper neque posuere vitae. Phasellus turpis lectus, accumsan vitae nisl id, blandit aliquet orci. Sed vel ante non massa tincidunt aliquet quis sit amet nisl. Morbi nec lorem est. Nulla facilisi. Lorem ipsum dolor sit amet, consectetur adipiscing elit. Etiam dapibus augue eget bibendum rhoncus. Sed efficitur congue sapien, id pharetra felis pellentesque maximus. Nam vulputate semper massa et vehicula. Sed porttitor a mauris et maximus. Nunc lorem tortor, hendrerit sit amet tempor vel, venenatis a dolor. Etiam dignissim sapien sit amet diam commodo, ut placerat mauris eleifend. Quisque ut ipsum egestas, aliquam orci nec, laoreet est. Ut pretium, ex et hendrerit iaculis, ligula ipsum hendrerit nisi, vitae feugiat purus dolor ultricies nunc. Maecenas ut orci a magna feugiat cursus. Nam ullamcorper venenatis aliquam. Vivamus ultrices lacus nisi, a hendrerit risus scelerisque sit amet. Duis pulvinar vulputate nisi in tincidunt. Praesent pellentesque mi in feugiat semper. Praesent eget pulvinar nunc. Aliquam sed laoreet leo, eu dapibus lectus. Donec ac purus dui. Nunc eget dignissim ligula. Aliquam vitae pellentesque orci. Sed eleifend sem sed aliquet condimentum. Aenean pharetra a libero ac auctor. Lorem ipsum dolor sit amet, consectetur adipiscing elit. Sed eu aliquam nisl, ac porttitor lorem. Ut lobortis, magna quis auctor ultrices, ex sem bibendum orci, vitae consectetur mi justo mollis felis. Orci varius natoque penatibus et magnis dis parturient montes, nascetur ridiculus mus. Pellentesque habitant morbi tristique senectus et netus et malesuada fames ac turpis egestas. Nulla id fringilla neque. Phasellus rhoncus venenatis lectus, eget consectetur eros condimentum nec. Quisque purus libero, dignissim et commodo vitae, luctus vitae ligula. Vivamus maximus luctus rhoncus. Pellentesque viverra ipsum id sem consectetur, in viverra tellus interdum. Suspendisse hendrerit in felis pretium commodo. Mauris ut purus molestie, tincidunt enim at, ullamcorper odio. Ut mattis sit amet mi eu tincidunt.                                            <\/span><\/p><p> <\/p><h4><span style=\"color: #221e1f;\">2. Pol\u00edtica<\/span><\/h4><p> <\/p><p><span style=\"color: #4f5253;\">Lorem ipsum dolor sit amet, consectetur adipiscing elit. Mauris eleifend, augue id bibendum sodales, diam nunc accumsan neque, vel tincidunt dui lacus dapibus arcu. Suspendisse potenti. Aliquam erat volutpat. Cras ultricies semper ullamcorper. Nunc ut ornare metus. Morbi scelerisque neque enim, eu ullamcorper neque posuere vitae. Phasellus turpis lectus, accumsan vitae nisl id, blandit aliquet orci. Sed vel ante non massa tincidunt aliquet quis sit amet nisl. Morbi nec lorem est. Nulla facilisi. Lorem ipsum dolor sit amet, consectetur adipiscing elit. Etiam dapibus augue eget bibendum rhoncus. Sed efficitur congue sapien, id pharetra felis pellentesque maximus. Nam vulputate semper massa et vehicula. Sed porttitor a mauris et maximus. Nunc lorem tortor, hendrerit sit amet tempor vel, venenatis a dolor. Etiam dignissim sapien sit amet diam commodo, ut placerat mauris eleifend. Quisque ut ipsum egestas, aliquam orci nec, laoreet est. Ut pretium, ex et hendrerit iaculis, ligula ipsum hendrerit nisi, vitae feugiat purus dolor ultricies nunc. Maecenas ut orci a magna feugiat cursus. Nam ullamcorper venenatis aliquam. Vivamus ultrices lacus nisi, a hendrerit risus scelerisque sit amet. Duis pulvinar vulputate nisi in tincidunt. Praesent pellentesque mi in feugiat semper. Praesent eget pulvinar nunc. Aliquam sed laoreet leo, eu dapibus lectus. Donec ac purus dui. Nunc eget dignissim ligula. Aliquam vitae pellentesque orci. Sed eleifend sem sed aliquet condimentum. Aenean pharetra a libero ac auctor. Lorem ipsum dolor sit amet, consectetur adipiscing elit. Sed eu aliquam nisl, ac porttitor lorem. Ut lobortis, magna quis auctor ultrices, ex sem bibendum orci, vitae consectetur mi justo mollis felis. Orci varius natoque penatibus et magnis dis parturient montes, nascetur ridiculus mus. Pellentesque habitant morbi tristique senectus et netus et malesuada fames ac turpis egestas. Nulla id fringilla neque. Phasellus rhoncus venenatis lectus, eget consectetur eros condimentum nec. Quisque purus libero, dignissim et commodo vitae, luctus vitae ligula. Vivamus maximus luctus rhoncus. Pellentesque viverra ipsum id sem consectetur, in viverra tellus interdum. Suspendisse hendrerit in felis pretium commodo. Mauris ut purus molestie, tincidunt enim at, ullamcorper odio. Ut mattis sit amet mi eu tincidunt. Lorem ipsum dolor sit amet, consectetur adipiscing elit. Mauris eleifend, augue id bibendum sodales, diam nunc accumsan neque, vel tincidunt dui lacus dapibus arcu. Suspendisse potenti. Aliquam erat volutpat. Cras ultricies semper ullamcorper.                                                  Nunc ut ornare metus. Morbi scelerisque neque enim, eu ullamcorper neque posuere vitae. Phasellus turpis lectus, accumsan vitae nisl id, blandit aliquet orci. Sed vel ante non massa tincidunt aliquet quis sit amet nisl. Morbi nec lorem est. Nulla facilisi. Lorem ipsum dolor sit amet, consectetur adipiscing elit. Etiam dapibus augue eget bibendum rhoncus. Sed efficitur congue sapien, id pharetra felis pellentesque maximus. Nam vulputate semper massa et vehicula. Sed porttitor a mauris et maximus. Nunc lorem tortor, hendrerit sit amet tempor vel, venenatis a dolor. Etiam dignissim sapien sit amet diam commodo, ut placerat mauris eleifend. Quisque ut ipsum egestas, aliquam orci nec, laoreet est. Ut pretium, ex et hendrerit iaculis, ligula ipsum hendrerit nisi, vitae feugiat purus dolor ultricies nunc. Maecenas ut orci a magna feugiat cursus. Nam ullamcorper venenatis aliquam. Vivamus ultrices lacus nisi, a hendrerit risus scelerisque sit amet. Duis pulvinar vulputate nisi in tincidunt. Praesent pellentesque mi in feugiat semper. Praesent eget pulvinar nunc. Aliquam sed laoreet leo, eu dapibus lectus. Donec ac purus dui. Nunc eget dignissim ligula. Aliquam vitae pellentesque orci. Sed eleifend sem sed aliquet condimentum. Aenean pharetra a libero ac auctor. Lorem ipsum dolor sit amet, consectetur adipiscing elit. Sed eu aliquam nisl, ac porttitor lorem. Ut lobortis, magna quis auctor ultrices, ex sem bibendum orci, vitae consectetur mi justo mollis felis. Orci varius natoque penatibus et magnis dis parturient montes, nascetur ridiculus mus. Pellentesque habitant morbi tristique senectus et netus et malesuada fames ac turpis egestas. Nulla id fringilla neque. Phasellus rhoncus venenatis lectus, eget consectetur eros condimentum nec. Quisque purus libero, dignissim et commodo vitae, luctus vitae ligula. Vivamus maximus luctus rhoncus. Pellentesque viverra ipsum id sem consectetur, in viverra tellus interdum. Suspendisse hendrerit in felis pretium commodo. Mauris ut purus molestie, tincidunt enim at, ullamcorper odio. Ut mattis sit amet mi eu tincidunt.                                       <\/span><\/p>\t\t\t\t\t\t\t\t<\/div>\n\t\t\t\t<\/div>\n\t\t\t\t\t<\/div>\n\t\t\t\t<\/div>\n\t\t\t\t<\/div>\n\t\t","protected":false},"excerpt":{"rendered":"<p>Ibratec Pol\u00edtica de privacidad y protecci\u00f3n de datos personales Lorem ipsum dolor sit amet, consectetur adipiscing elit. Mauris eleifend, augue id bibendum sodales, diam nunc accumsan neque, vel tincidunt dui lacus dapibus arcu. Suspendisse potenti. Aliquam erat volutpat. Cras ultricies semper ullamcorper. Nunc ut ornare metus. Morbi scelerisque neque enim, eu ullamcorper neque posuere vitae. [&hellip;]<\/p>\n","protected":false},"author":1,"featured_media":0,"parent":0,"menu_order":0,"comment_status":"closed","ping_status":"closed","template":"","meta":{"_acf_changed":false,"footnotes":""},"class_list":["post-6045","page","type-page","status-publish","hentry"],"acf":[],"yoast_head":"<!-- This site is optimized with the Yoast SEO plugin v25.4 - https:\/\/yoast.com\/wordpress\/plugins\/seo\/ -->\n<title>Excelencia en embalajes sostenibles | Ibratec<\/title>\n<meta name=\"description\" content=\"Ibratec es l\u00edder en las Am\u00e9ricas en embalajes de cart\u00f3n sostenibles, combinando innovaci\u00f3n, calidad y compromiso con el medio ambiente.\" \/>\n<meta name=\"robots\" content=\"index, follow, max-snippet:-1, max-image-preview:large, max-video-preview:-1\" \/>\n<link rel=\"canonical\" href=\"https:\/\/stage-ibratec.fuerzastudio.com\/es\/politica-de-privacidad\/\" \/>\n<meta property=\"og:locale\" content=\"es_ES\" \/>\n<meta property=\"og:type\" content=\"article\" \/>\n<meta property=\"og:title\" content=\"Excelencia en embalajes sostenibles | Ibratec\" \/>\n<meta property=\"og:description\" content=\"Ibratec es l\u00edder en las Am\u00e9ricas en embalajes de cart\u00f3n sostenibles, combinando innovaci\u00f3n, calidad y compromiso con el medio ambiente.\" \/>\n<meta property=\"og:url\" content=\"https:\/\/stage-ibratec.fuerzastudio.com\/es\/politica-de-privacidad\/\" \/>\n<meta property=\"og:site_name\" content=\"Ibratec\" \/>\n<meta property=\"article:modified_time\" content=\"2025-08-14T14:52:40+00:00\" \/>\n<meta property=\"og:image\" content=\"https:\/\/stage-ibratec.fuerzastudio.com\/wp-content\/uploads\/2025\/08\/Imagem-de-Compartilhamento-1024x576.png\" \/>\n<meta name=\"twitter:card\" content=\"summary_large_image\" \/>\n<meta name=\"twitter:title\" content=\"Excelencia en embalajes sostenibles | Ibratec\" \/>\n<meta name=\"twitter:description\" content=\"Ibratec es l\u00edder en las Am\u00e9ricas en embalajes de cart\u00f3n sostenibles, combinando innovaci\u00f3n, calidad y compromiso con el medio ambiente.\" \/>\n<meta name=\"twitter:image\" content=\"https:\/\/stage-ibratec.fuerzastudio.com\/wp-content\/uploads\/2025\/08\/Imagem-de-Compartilhamento-1024x576.png\" \/>\n<meta name=\"twitter:label1\" content=\"Est. reading time\" \/>\n\t<meta name=\"twitter:data1\" content=\"7 minutes\" \/>\n<script type=\"application\/ld+json\" class=\"yoast-schema-graph\">{\"@context\":\"https:\/\/schema.org\",\"@graph\":[{\"@type\":\"WebPage\",\"@id\":\"https:\/\/stage-ibratec.fuerzastudio.com\/es\/politica-de-privacidad\/\",\"url\":\"https:\/\/stage-ibratec.fuerzastudio.com\/es\/politica-de-privacidad\/\",\"name\":\"Excelencia en embalajes sostenibles | Ibratec\",\"isPartOf\":{\"@id\":\"https:\/\/stage-ibratec.fuerzastudio.com\/#website\"},\"datePublished\":\"2025-05-30T15:24:15+00:00\",\"dateModified\":\"2025-08-14T14:52:40+00:00\",\"description\":\"Ibratec es l\u00edder en las Am\u00e9ricas en embalajes de cart\u00f3n sostenibles, combinando innovaci\u00f3n, calidad y compromiso con el medio ambiente.\",\"breadcrumb\":{\"@id\":\"https:\/\/stage-ibratec.fuerzastudio.com\/es\/politica-de-privacidad\/#breadcrumb\"},\"inLanguage\":\"es-ES\",\"potentialAction\":[{\"@type\":\"ReadAction\",\"target\":[\"https:\/\/stage-ibratec.fuerzastudio.com\/es\/politica-de-privacidad\/\"]}]},{\"@type\":\"BreadcrumbList\",\"@id\":\"https:\/\/stage-ibratec.fuerzastudio.com\/es\/politica-de-privacidad\/#breadcrumb\",\"itemListElement\":[{\"@type\":\"ListItem\",\"position\":1,\"name\":\"Home\",\"item\":\"https:\/\/stage-ibratec.fuerzastudio.com\/es\/\"},{\"@type\":\"ListItem\",\"position\":2,\"name\":\"Pol\u00edtica de Privacidad\"}]},{\"@type\":\"WebSite\",\"@id\":\"https:\/\/stage-ibratec.fuerzastudio.com\/#website\",\"url\":\"https:\/\/stage-ibratec.fuerzastudio.com\/\",\"name\":\"Ibratec\",\"description\":\"\",\"publisher\":{\"@id\":\"https:\/\/stage-ibratec.fuerzastudio.com\/#organization\"},\"potentialAction\":[{\"@type\":\"SearchAction\",\"target\":{\"@type\":\"EntryPoint\",\"urlTemplate\":\"https:\/\/stage-ibratec.fuerzastudio.com\/?s={search_term_string}\"},\"query-input\":{\"@type\":\"PropertyValueSpecification\",\"valueRequired\":true,\"valueName\":\"search_term_string\"}}],\"inLanguage\":\"es-ES\"},{\"@type\":\"Organization\",\"@id\":\"https:\/\/stage-ibratec.fuerzastudio.com\/#organization\",\"name\":\"Ibratec\",\"url\":\"https:\/\/stage-ibratec.fuerzastudio.com\/\",\"logo\":{\"@type\":\"ImageObject\",\"inLanguage\":\"es-ES\",\"@id\":\"https:\/\/stage-ibratec.fuerzastudio.com\/#\/schema\/logo\/image\/\",\"url\":\"https:\/\/stage-ibratec.fuerzastudio.com\/wp-content\/uploads\/2025\/06\/logo.svg\",\"contentUrl\":\"https:\/\/stage-ibratec.fuerzastudio.com\/wp-content\/uploads\/2025\/06\/logo.svg\",\"caption\":\"Ibratec\"},\"image\":{\"@id\":\"https:\/\/stage-ibratec.fuerzastudio.com\/#\/schema\/logo\/image\/\"}}]}<\/script>\n<!-- \/ Yoast SEO plugin. -->","yoast_head_json":{"title":"Excelencia en embalajes sostenibles | Ibratec","description":"Ibratec es l\u00edder en las Am\u00e9ricas en embalajes de cart\u00f3n sostenibles, combinando innovaci\u00f3n, calidad y compromiso con el medio ambiente.","robots":{"index":"index","follow":"follow","max-snippet":"max-snippet:-1","max-image-preview":"max-image-preview:large","max-video-preview":"max-video-preview:-1"},"canonical":"https:\/\/stage-ibratec.fuerzastudio.com\/es\/politica-de-privacidad\/","og_locale":"es_ES","og_type":"article","og_title":"Excelencia en embalajes sostenibles | Ibratec","og_description":"Ibratec es l\u00edder en las Am\u00e9ricas en embalajes de cart\u00f3n sostenibles, combinando innovaci\u00f3n, calidad y compromiso con el medio ambiente.","og_url":"https:\/\/stage-ibratec.fuerzastudio.com\/es\/politica-de-privacidad\/","og_site_name":"Ibratec","article_modified_time":"2025-08-14T14:52:40+00:00","og_image":[{"url":"https:\/\/stage-ibratec.fuerzastudio.com\/wp-content\/uploads\/2025\/08\/Imagem-de-Compartilhamento-1024x576.png","type":"","width":"","height":""}],"twitter_card":"summary_large_image","twitter_title":"Excelencia en embalajes sostenibles | Ibratec","twitter_description":"Ibratec es l\u00edder en las Am\u00e9ricas en embalajes de cart\u00f3n sostenibles, combinando innovaci\u00f3n, calidad y compromiso con el medio ambiente.","twitter_image":"https:\/\/stage-ibratec.fuerzastudio.com\/wp-content\/uploads\/2025\/08\/Imagem-de-Compartilhamento-1024x576.png","twitter_misc":{"Est. reading time":"7 minutes"},"schema":{"@context":"https:\/\/schema.org","@graph":[{"@type":"WebPage","@id":"https:\/\/stage-ibratec.fuerzastudio.com\/es\/politica-de-privacidad\/","url":"https:\/\/stage-ibratec.fuerzastudio.com\/es\/politica-de-privacidad\/","name":"Excelencia en embalajes sostenibles | Ibratec","isPartOf":{"@id":"https:\/\/stage-ibratec.fuerzastudio.com\/#website"},"datePublished":"2025-05-30T15:24:15+00:00","dateModified":"2025-08-14T14:52:40+00:00","description":"Ibratec es l\u00edder en las Am\u00e9ricas en embalajes de cart\u00f3n sostenibles, combinando innovaci\u00f3n, calidad y compromiso con el medio ambiente.","breadcrumb":{"@id":"https:\/\/stage-ibratec.fuerzastudio.com\/es\/politica-de-privacidad\/#breadcrumb"},"inLanguage":"es-ES","potentialAction":[{"@type":"ReadAction","target":["https:\/\/stage-ibratec.fuerzastudio.com\/es\/politica-de-privacidad\/"]}]},{"@type":"BreadcrumbList","@id":"https:\/\/stage-ibratec.fuerzastudio.com\/es\/politica-de-privacidad\/#breadcrumb","itemListElement":[{"@type":"ListItem","position":1,"name":"Home","item":"https:\/\/stage-ibratec.fuerzastudio.com\/es\/"},{"@type":"ListItem","position":2,"name":"Pol\u00edtica de Privacidad"}]},{"@type":"WebSite","@id":"https:\/\/stage-ibratec.fuerzastudio.com\/#website","url":"https:\/\/stage-ibratec.fuerzastudio.com\/","name":"Ibratec","description":"","publisher":{"@id":"https:\/\/stage-ibratec.fuerzastudio.com\/#organization"},"potentialAction":[{"@type":"SearchAction","target":{"@type":"EntryPoint","urlTemplate":"https:\/\/stage-ibratec.fuerzastudio.com\/?s={search_term_string}"},"query-input":{"@type":"PropertyValueSpecification","valueRequired":true,"valueName":"search_term_string"}}],"inLanguage":"es-ES"},{"@type":"Organization","@id":"https:\/\/stage-ibratec.fuerzastudio.com\/#organization","name":"Ibratec","url":"https:\/\/stage-ibratec.fuerzastudio.com\/","logo":{"@type":"ImageObject","inLanguage":"es-ES","@id":"https:\/\/stage-ibratec.fuerzastudio.com\/#\/schema\/logo\/image\/","url":"https:\/\/stage-ibratec.fuerzastudio.com\/wp-content\/uploads\/2025\/06\/logo.svg","contentUrl":"https:\/\/stage-ibratec.fuerzastudio.com\/wp-content\/uploads\/2025\/06\/logo.svg","caption":"Ibratec"},"image":{"@id":"https:\/\/stage-ibratec.fuerzastudio.com\/#\/schema\/logo\/image\/"}}]}},"_links":{"self":[{"href":"https:\/\/stage-ibratec.fuerzastudio.com\/es\/wp-json\/wp\/v2\/pages\/6045","targetHints":{"allow":["GET"]}}],"collection":[{"href":"https:\/\/stage-ibratec.fuerzastudio.com\/es\/wp-json\/wp\/v2\/pages"}],"about":[{"href":"https:\/\/stage-ibratec.fuerzastudio.com\/es\/wp-json\/wp\/v2\/types\/page"}],"author":[{"embeddable":true,"href":"https:\/\/stage-ibratec.fuerzastudio.com\/es\/wp-json\/wp\/v2\/users\/1"}],"replies":[{"embeddable":true,"href":"https:\/\/stage-ibratec.fuerzastudio.com\/es\/wp-json\/wp\/v2\/comments?post=6045"}],"version-history":[{"count":1,"href":"https:\/\/stage-ibratec.fuerzastudio.com\/es\/wp-json\/wp\/v2\/pages\/6045\/revisions"}],"predecessor-version":[{"id":6046,"href":"https:\/\/stage-ibratec.fuerzastudio.com\/es\/wp-json\/wp\/v2\/pages\/6045\/revisions\/6046"}],"wp:attachment":[{"href":"https:\/\/stage-ibratec.fuerzastudio.com\/es\/wp-json\/wp\/v2\/media?parent=6045"}],"curies":[{"name":"wp","href":"https:\/\/api.w.org\/{rel}","templated":true}]}}